{"id":993,"date":"2023-08-27T12:25:22","date_gmt":"2023-08-27T10:25:22","guid":{"rendered":"https:\/\/relaxandbeauty.w3.totalcom.website\/reservierung\/"},"modified":"2025-04-01T13:40:38","modified_gmt":"2025-04-01T11:40:38","slug":"reservierung","status":"publish","type":"page","link":"https:\/\/www.relaxbeautybz.com\/de\/reservierung\/","title":{"rendered":"Reservierung"},"content":{"rendered":"[vc_row type=&#8220;full_width_content&#8220; full_screen_row_position=&#8220;middle&#8220; column_margin=&#8220;default&#8220; column_direction=&#8220;default&#8220; column_direction_tablet=&#8220;default&#8220; column_direction_phone=&#8220;default&#8220; scene_position=&#8220;center&#8220; top_margin=&#8220;1%&#8220; text_color=&#8220;dark&#8220; text_align=&#8220;left&#8220; row_border_radius=&#8220;none&#8220; row_border_radius_applies=&#8220;bg&#8220; overflow=&#8220;visible&#8220; overlay_strength=&#8220;0.3&#8243; gradient_direction=&#8220;left_to_right&#8220; shape_divider_position=&#8220;bottom&#8220; bg_image_animation=&#8220;none&#8220; gradient_type=&#8220;default&#8220; shape_type=&#8220;&#8220;][vc_column constrain_group_100=&#8220;yes&#8220; constrain_group_101=&#8220;yes&#8220; left_margin=&#8220;auto&#8220; constrain_group_2=&#8220;yes&#8220; right_margin=&#8220;auto&#8220; bottom_margin_tablet=&#8220;10%&#8220; bottom_margin_phone=&#8220;20%&#8220; column_element_direction_desktop=&#8220;default&#8220; column_element_spacing=&#8220;default&#8220; desktop_text_alignment=&#8220;default&#8220; tablet_text_alignment=&#8220;default&#8220; phone_text_alignment=&#8220;default&#8220; background_color=&#8220;#f2ddc6&#8243; background_color_opacity=&#8220;1&#8243; background_hover_color_opacity=&#8220;1&#8243; column_backdrop_filter=&#8220;none&#8220; column_shadow=&#8220;none&#8220; column_border_radius=&#8220;50px&#8220; column_link_target=&#8220;_self&#8220; max_width_desktop=&#8220;1200&#8243; column_position=&#8220;default&#8220; el_class=&#8220;bs_container&#8220; gradient_direction=&#8220;left_to_right&#8220; overlay_strength=&#8220;0.3&#8243; width=&#8220;1\/1&#8243; tablet_width_inherit=&#8220;default&#8220; animation_type=&#8220;default&#8220; bg_image_animation=&#8220;none&#8220; border_type=&#8220;simple&#8220; column_border_width=&#8220;none&#8220; column_border_style=&#8220;solid&#8220; column_padding_type=&#8220;advanced&#8220; gradient_type=&#8220;default&#8220;][vc_row_inner column_margin=&#8220;default&#8220; column_direction=&#8220;default&#8220; column_direction_tablet=&#8220;default&#8220; column_direction_phone=&#8220;default&#8220; text_align=&#8220;left&#8220; row_position=&#8220;default&#8220; row_position_tablet=&#8220;inherit&#8220; row_position_phone=&#8220;inherit&#8220; overflow=&#8220;visible&#8220; pointer_events=&#8220;all&#8220;][vc_column_inner top_padding_desktop=&#8220;13%&#8220; constrain_group_100=&#8220;yes&#8220; bottom_padding_desktop=&#8220;13%&#8220; left_padding_desktop=&#8220;5%&#8220; constrain_group_101=&#8220;yes&#8220; right_padding_desktop=&#8220;5%&#8220; top_padding_tablet=&#8220;15%&#8220; constrain_group_102=&#8220;yes&#8220; bottom_padding_tablet=&#8220;15%&#8220; top_padding_phone=&#8220;20%&#8220; constrain_group_104=&#8220;yes&#8220; bottom_padding_phone=&#8220;20%&#8220; column_element_direction_desktop=&#8220;default&#8220; column_element_spacing=&#8220;default&#8220; desktop_text_alignment=&#8220;center&#8220; tablet_text_alignment=&#8220;default&#8220; phone_text_alignment=&#8220;default&#8220; background_color_opacity=&#8220;1&#8243; background_hover_color_opacity=&#8220;1&#8243; background_image=&#8220;1037&#8243; background_image_position=&#8220;center center&#8220; background_image_stacking=&#8220;default&#8220; enable_bg_scale=&#8220;true&#8220; background_image_loading=&#8220;skip-lazy-load&#8220; column_backdrop_filter=&#8220;none&#8220; column_shadow=&#8220;none&#8220; column_border_radius=&#8220;custom&#8220; top_left_border_radius=&#8220;50&#8243; top_right_border_radius=&#8220;50&#8243; column_link_target=&#8220;_self&#8220; overflow=&#8220;visible&#8220; el_class=&#8220;bs_hero&#8220; color_overlay=&#8220;#000000&#8243; color_overlay_2=&#8220;#000000&#8243; gradient_direction=&#8220;left_to_right&#8220; overlay_strength=&#8220;0.3&#8243; width=&#8220;1\/1&#8243; tablet_width_inherit=&#8220;default&#8220; animation_type=&#8220;default&#8220; bg_image_animation=&#8220;none&#8220; border_type=&#8220;simple&#8220; column_border_width=&#8220;none&#8220; column_border_style=&#8220;solid&#8220; column_padding_type=&#8220;advanced&#8220; gradient_type=&#8220;default&#8220;][nectar_highlighted_text color_type=&#8220;gradient&#8220; highlight_color=&#8220;#d8a0a4&#8243; secondary_color=&#8220;rgba(216,170,121,0.01)&#8220; text_color=&#8220;#ffffff&#8220; style=&#8220;half_text&#8220; custom_font_size=&#8220;65px&#8220; delay=&#8220;200&#8243; font_size_tablet=&#8220;48px&#8220; font_size_phone=&#8220;34px&#8220; font_line_height=&#8220;1&#8243;]\n<p><\/p>\n<h1>Terminanfrage<\/h1>\n<p><\/p>\n[\/nectar_highlighted_text][nectar_responsive_text inherited_font_style=&#8220;default&#8220; text_color=&#8220;#ffffff&#8220; font_size_desktop=&#8220;22&#8243; font_size_phone=&#8220;18&#8243;]Dein Weg zu Entspannung und Sch\u00f6nheit beginnt hier[\/nectar_responsive_text][\/vc_column_inner][\/vc_row_inner][vc_row_inner column_margin=&#8220;default&#8220; column_direction=&#8220;default&#8220; column_direction_tablet=&#8220;default&#8220; column_direction_phone=&#8220;default&#8220; top_padding=&#8220;6%&#8220; constrain_group_1=&#8220;yes&#8220; bottom_padding=&#8220;6%&#8220; left_padding_desktop=&#8220;6%&#8220; constrain_group_2=&#8220;yes&#8220; right_padding_desktop=&#8220;6%&#8220; top_padding_tablet=&#8220;10%&#8220; constrain_group_3=&#8220;yes&#8220; bottom_padding_tablet=&#8220;10%&#8220; left_padding_tablet=&#8220;6%&#8220; constrain_group_4=&#8220;yes&#8220; right_padding_tablet=&#8220;6%&#8220; top_padding_phone=&#8220;15%&#8220; constrain_group_5=&#8220;yes&#8220; bottom_padding_phone=&#8220;15%&#8220; left_padding_phone=&#8220;30px&#8220; constrain_group_6=&#8220;yes&#8220; right_padding_phone=&#8220;30px&#8220; text_align=&#8220;left&#8220; row_position=&#8220;default&#8220; row_position_tablet=&#8220;inherit&#8220; row_position_phone=&#8220;inherit&#8220; overflow=&#8220;visible&#8220; pointer_events=&#8220;all&#8220;][vc_column_inner column_padding=&#8220;no-extra-padding&#8220; column_padding_tablet=&#8220;inherit&#8220; column_padding_phone=&#8220;inherit&#8220; column_padding_position=&#8220;all&#8220; column_element_direction_desktop=&#8220;default&#8220; column_element_spacing=&#8220;default&#8220; desktop_text_alignment=&#8220;default&#8220; tablet_text_alignment=&#8220;default&#8220; phone_text_alignment=&#8220;default&#8220; background_color_opacity=&#8220;1&#8243; background_hover_color_opacity=&#8220;1&#8243; column_backdrop_filter=&#8220;none&#8220; column_shadow=&#8220;none&#8220; column_border_radius=&#8220;none&#8220; column_link_target=&#8220;_self&#8220; overflow=&#8220;visible&#8220; gradient_direction=&#8220;left_to_right&#8220; overlay_strength=&#8220;0.3&#8243; width=&#8220;1\/1&#8243; tablet_width_inherit=&#8220;default&#8220; animation_type=&#8220;default&#8220; bg_image_animation=&#8220;none&#8220; border_type=&#8220;simple&#8220; column_border_width=&#8220;none&#8220; column_border_style=&#8220;solid&#8220;][nectar_responsive_text inherited_font_style=&#8220;default&#8220; font_size_desktop=&#8220;38&#8243; font_size_tablet=&#8220;30&#8243; font_size_phone=&#8220;26&#8243;]\n<p><\/p>\n<h2>W\u00e4hle die Behandlungen aus, die dir am besten gefallen<\/h2>\n<p><\/p>\n[\/nectar_responsive_text][vc_column_text css=&#8220;&#8220; text_direction=&#8220;default&#8220;]F\u00fclle das Formular mit deinen Daten aus, w\u00e4hle das gew\u00fcnschte Datum und die Uhrzeit.<br \/>Wir werden dich telefonisch oder per E-Mail kontaktieren, um deine Reservierung zu best\u00e4tigen<\/p>\n<p>Beachten Sie bitte, dass bei Stornierung Ihres Termins bis 24 Stunden vor der Behandlung keine Kosten entstehen. Fu\u0308r nicht oder kurzfristig abgesagte Termine mu\u0308ssen wir Ihnen 50% der Behandlungskosten in Rechnung stellen.[\/vc_column_text][vc_raw_html]W2NvbnRhY3QtZm9ybS03IGlkPSI2NjkxMmU2IiB0aXRsZT0iUmVzZXJ2aWVydW5nIl0=[\/vc_raw_html][vc_raw_html]W2RhdGV0aW1lcGlja2VyXQ==[\/vc_raw_html][\/vc_column_inner][\/vc_row_inner][\/vc_column][\/vc_row][vc_row type=&#8220;full_width_background&#8220; full_screen_row_position=&#8220;middle&#8220; column_margin=&#8220;default&#8220; column_direction=&#8220;default&#8220; column_direction_tablet=&#8220;default&#8220; column_direction_phone=&#8220;default&#8220; scene_position=&#8220;center&#8220; top_padding=&#8220;6%&#8220; top_padding_tablet=&#8220;10%&#8220; top_padding_phone=&#8220;10%&#8220; text_color=&#8220;dark&#8220; text_align=&#8220;left&#8220; row_border_radius=&#8220;none&#8220; row_border_radius_applies=&#8220;bg&#8220; overflow=&#8220;visible&#8220; overlay_strength=&#8220;0.8&#8243; gradient_direction=&#8220;left_to_right&#8220; shape_divider_position=&#8220;bottom&#8220; bg_image_animation=&#8220;none&#8220; shape_type=&#8220;&#8220; gradient_type=&#8220;default&#8220;][vc_column column_padding=&#8220;no-extra-padding&#8220; column_padding_tablet=&#8220;inherit&#8220; column_padding_phone=&#8220;inherit&#8220; column_padding_position=&#8220;all&#8220; column_element_direction_desktop=&#8220;default&#8220; column_element_spacing=&#8220;default&#8220; desktop_text_alignment=&#8220;default&#8220; tablet_text_alignment=&#8220;default&#8220; phone_text_alignment=&#8220;default&#8220; background_color_opacity=&#8220;1&#8243; background_hover_color_opacity=&#8220;1&#8243; column_backdrop_filter=&#8220;none&#8220; column_shadow=&#8220;none&#8220; column_border_radius=&#8220;none&#8220; column_link_target=&#8220;_self&#8220; column_position=&#8220;default&#8220; gradient_direction=&#8220;left_to_right&#8220; overlay_strength=&#8220;0.3&#8243; width=&#8220;1\/1&#8243; tablet_width_inherit=&#8220;default&#8220; animation_type=&#8220;default&#8220; bg_image_animation=&#8220;none&#8220; border_type=&#8220;simple&#8220; column_border_width=&#8220;none&#8220; column_border_style=&#8220;solid&#8220;][vc_row_inner column_margin=&#8220;default&#8220; column_direction=&#8220;default&#8220; column_direction_tablet=&#8220;default&#8220; column_direction_phone=&#8220;default&#8220; text_align=&#8220;left&#8220; row_position=&#8220;default&#8220; row_position_tablet=&#8220;inherit&#8220; row_position_phone=&#8220;inherit&#8220; overflow=&#8220;visible&#8220; pointer_events=&#8220;all&#8220;][vc_column_inner column_padding=&#8220;no-extra-padding&#8220; column_padding_tablet=&#8220;inherit&#8220; column_padding_phone=&#8220;inherit&#8220; column_padding_position=&#8220;all&#8220; column_element_direction_desktop=&#8220;default&#8220; column_element_spacing=&#8220;default&#8220; desktop_text_alignment=&#8220;default&#8220; tablet_text_alignment=&#8220;default&#8220; phone_text_alignment=&#8220;default&#8220; background_color_opacity=&#8220;1&#8243; background_hover_color_opacity=&#8220;1&#8243; column_backdrop_filter=&#8220;none&#8220; column_shadow=&#8220;none&#8220; column_border_radius=&#8220;none&#8220; column_link_target=&#8220;_self&#8220; overflow=&#8220;visible&#8220; gradient_direction=&#8220;left_to_right&#8220; overlay_strength=&#8220;0.3&#8243; width=&#8220;1\/1&#8243; tablet_width_inherit=&#8220;default&#8220; animation_type=&#8220;default&#8220; bg_image_animation=&#8220;none&#8220; border_type=&#8220;simple&#8220; column_border_width=&#8220;none&#8220; column_border_style=&#8220;solid&#8220;][nectar_scrolling_text scroll_direction=&#8220;ltr&#8220; scroll_speed=&#8220;slowest&#8220; text_color=&#8220;#f2ddc6&#8243; style=&#8220;text_outline&#8220; outline_thickness=&#8220;thin&#8220; outline_applies_to=&#8220;text_only&#8220; text_repeat_number=&#8220;4&#8243; text_repeat_divider=&#8220;custom&#8220; text_repeat_divider_scale=&#8220;half&#8220; overflow=&#8220;visible&#8220; background_image_animation=&#8220;None&#8220; custom_font_size=&#8220;10vh&#8220; text_repeat_divider_custom=&#8220;\u26ac&#8220; custom_font_size_mobile=&#8220;14vw&#8220;]\n<p><\/p>\n<h5>relax &amp; beauty<\/h5>\n<p><\/p>\n[\/nectar_scrolling_text][\/vc_column_inner][\/vc_row_inner][\/vc_column][\/vc_row]\n","protected":false},"excerpt":{"rendered":"<p>[vc_row type=&#8220;full_width_content&#8220; full_screen_row_position=&#8220;middle&#8220; column_margin=&#8220;default&#8220; column_direction=&#8220;default&#8220; column_direction_tablet=&#8220;default&#8220; column_direction_phone=&#8220;default&#8220; scene_position=&#8220;center&#8220; top_margin=&#8220;1%&#8220; text_color=&#8220;dark&#8220; text_align=&#8220;left&#8220; row_border_radius=&#8220;none&#8220; row_border_radius_applies=&#8220;bg&#8220; overflow=&#8220;visible&#8220; overlay_strength=&#8220;0.3&#8243; gradient_direction=&#8220;left_to_right&#8220; shape_divider_position=&#8220;bottom&#8220; bg_image_animation=&#8220;none&#8220; gradient_type=&#8220;default&#8220; shape_type=&#8220;&#8220;][vc_column constrain_group_100=&#8220;yes&#8220; constrain_group_101=&#8220;yes&#8220; left_margin=&#8220;auto&#8220; constrain_group_2=&#8220;yes&#8220; right_margin=&#8220;auto&#8220; bottom_margin_tablet=&#8220;10%&#8220; bottom_margin_phone=&#8220;20%&#8220; column_element_direction_desktop=&#8220;default&#8220; column_element_spacing=&#8220;default&#8220; desktop_text_alignment=&#8220;default&#8220;&#8230;<\/p>\n","protected":false},"author":2,"featured_media":0,"parent":0,"menu_order":0,"comment_status":"closed","ping_status":"closed","template":"","meta":{"inline_featured_image":false,"footnotes":""},"class_list":["post-993","page","type-page","status-publish"],"aioseo_notices":[],"_links":{"self":[{"href":"https:\/\/www.relaxbeautybz.com\/de\/wp-json\/wp\/v2\/pages\/993","targetHints":{"allow":["GET"]}}],"collection":[{"href":"https:\/\/www.relaxbeautybz.com\/de\/wp-json\/wp\/v2\/pages"}],"about":[{"href":"https:\/\/www.relaxbeautybz.com\/de\/wp-json\/wp\/v2\/types\/page"}],"author":[{"embeddable":true,"href":"https:\/\/www.relaxbeautybz.com\/de\/wp-json\/wp\/v2\/users\/2"}],"replies":[{"embeddable":true,"href":"https:\/\/www.relaxbeautybz.com\/de\/wp-json\/wp\/v2\/comments?post=993"}],"version-history":[{"count":12,"href":"https:\/\/www.relaxbeautybz.com\/de\/wp-json\/wp\/v2\/pages\/993\/revisions"}],"predecessor-version":[{"id":1267,"href":"https:\/\/www.relaxbeautybz.com\/de\/wp-json\/wp\/v2\/pages\/993\/revisions\/1267"}],"wp:attachment":[{"href":"https:\/\/www.relaxbeautybz.com\/de\/wp-json\/wp\/v2\/media?parent=993"}],"curies":[{"name":"wp","href":"https:\/\/api.w.org\/{rel}","templated":true}]}}