{"id":1026,"date":"2023-10-26T11:46:31","date_gmt":"2023-10-26T09:46:31","guid":{"rendered":"https:\/\/relaxandbeauty.w3.totalcom.website\/privacy-cookie-policy\/"},"modified":"2023-10-26T14:07:57","modified_gmt":"2023-10-26T12:07:57","slug":"privacy-cookie-policy","status":"publish","type":"page","link":"https:\/\/www.relaxbeautybz.com\/de\/privacy-cookie-policy\/","title":{"rendered":"Privacy &#038; Cookie Policy"},"content":{"rendered":"[vc_row type=&#8220;full_width_background&#8220; full_screen_row_position=&#8220;middle&#8220; column_margin=&#8220;default&#8220; equal_height=&#8220;yes&#8220; column_direction=&#8220;default&#8220; column_direction_tablet=&#8220;default&#8220; column_direction_phone=&#8220;default&#8220; scene_position=&#8220;center&#8220; top_padding=&#8220;5%&#8220; bottom_padding=&#8220;7%&#8220; top_padding_tablet=&#8220;5%&#8220; bottom_padding_tablet=&#8220;12%&#8220; top_padding_phone=&#8220;10%&#8220; bottom_padding_phone=&#8220;15%&#8220; text_color=&#8220;light&#8220; text_align=&#8220;left&#8220; row_border_radius=&#8220;none&#8220; row_border_radius_applies=&#8220;bg&#8220; overflow=&#8220;visible&#8220; class=&#8220;heading_title&#8220; overlay_strength=&#8220;0.8&#8243; gradient_direction=&#8220;left_b_to_right_t&#8220; shape_divider_position=&#8220;bottom&#8220; bg_image_animation=&#8220;none&#8220; parallax_bg=&#8220;true&#8220; parallax_bg_speed=&#8220;fast&#8220; shape_type=&#8220;curve&#8220; gradient_type=&#8220;default&#8220;][vc_column column_padding=&#8220;no-extra-padding&#8220; column_padding_tablet=&#8220;inherit&#8220; column_padding_phone=&#8220;inherit&#8220; column_padding_position=&#8220;all&#8220; left_margin=&#8220;auto&#8220; constrain_group_2=&#8220;yes&#8220; right_margin=&#8220;auto&#8220; column_element_direction_desktop=&#8220;default&#8220; column_element_spacing=&#8220;default&#8220; centered_text=&#8220;true&#8220; desktop_text_alignment=&#8220;center&#8220; tablet_text_alignment=&#8220;default&#8220; phone_text_alignment=&#8220;default&#8220; background_color_opacity=&#8220;1&#8243; background_hover_color_opacity=&#8220;1&#8243; column_backdrop_filter=&#8220;none&#8220; column_shadow=&#8220;none&#8220; column_border_radius=&#8220;none&#8220; column_link_target=&#8220;_self&#8220; max_width_desktop=&#8220;1000&#8243; column_position=&#8220;default&#8220; gradient_direction=&#8220;left_to_right&#8220; overlay_strength=&#8220;0.3&#8243; width=&#8220;1\/1&#8243; tablet_width_inherit=&#8220;default&#8220; animation_type=&#8220;default&#8220; bg_image_animation=&#8220;none&#8220; border_type=&#8220;simple&#8220; column_border_width=&#8220;none&#8220; column_border_style=&#8220;solid&#8220; column_padding_type=&#8220;default&#8220; gradient_type=&#8220;default&#8220;][vc_row_inner column_margin=&#8220;none&#8220; column_direction=&#8220;default&#8220; column_direction_tablet=&#8220;default&#8220; column_direction_phone=&#8220;default&#8220; bottom_padding=&#8220;10&#8243; bottom_padding_phone=&#8220;0&#8243; text_align=&#8220;left&#8220; row_position=&#8220;default&#8220; row_position_tablet=&#8220;inherit&#8220; row_position_phone=&#8220;inherit&#8220; overflow=&#8220;visible&#8220; pointer_events=&#8220;all&#8220;][vc_column_inner column_padding=&#8220;no-extra-padding&#8220; column_padding_tablet=&#8220;inherit&#8220; column_padding_phone=&#8220;inherit&#8220; column_padding_position=&#8220;all&#8220; column_element_direction_desktop=&#8220;default&#8220; column_element_spacing=&#8220;default&#8220; desktop_text_alignment=&#8220;default&#8220; tablet_text_alignment=&#8220;default&#8220; phone_text_alignment=&#8220;default&#8220; background_color_opacity=&#8220;1&#8243; background_hover_color_opacity=&#8220;1&#8243; column_backdrop_filter=&#8220;none&#8220; column_shadow=&#8220;none&#8220; column_border_radius=&#8220;none&#8220; column_link_target=&#8220;_self&#8220; overflow=&#8220;visible&#8220; gradient_direction=&#8220;left_to_right&#8220; overlay_strength=&#8220;0.3&#8243; width=&#8220;1\/1&#8243; tablet_width_inherit=&#8220;default&#8220; animation_type=&#8220;default&#8220; enable_animation=&#8220;true&#8220; animation=&#8220;slight-fade-in-from-bottom&#8220; animation_easing=&#8220;default&#8220; bg_image_animation=&#8220;none&#8220; border_type=&#8220;simple&#8220; column_border_width=&#8220;none&#8220; column_border_style=&#8220;solid&#8220; column_padding_type=&#8220;default&#8220; gradient_type=&#8220;default&#8220;][nectar_highlighted_text color_type=&#8220;gradient&#8220; highlight_color=&#8220;#d8a0a4&#8243; secondary_color=&#8220;rgba(216,170,121,0.01)&#8220; text_color=&#8220;#000000&#8243; style=&#8220;half_text&#8220; custom_font_size=&#8220;78px&#8220; delay=&#8220;200&#8243; font_size_tablet=&#8220;60px&#8220; font_size_phone=&#8220;40px&#8220; font_line_height=&#8220;1&#8243;]\n<h1>Privacy &amp; Cookie Policy<\/h1>\n[\/nectar_highlighted_text][nectar_responsive_text text_color=&#8220;#000000&#8243; font_size_desktop=&#8220;24&#8243; font_size_phone=&#8220;18&#8243;]Datenschutz- und Cookie-Hinweis[\/nectar_responsive_text][\/vc_column_inner][\/vc_row_inner][\/vc_column][\/vc_row][vc_row type=&#8220;in_container&#8220; full_screen_row_position=&#8220;middle&#8220; column_margin=&#8220;default&#8220; column_direction=&#8220;default&#8220; column_direction_tablet=&#8220;default&#8220; column_direction_phone=&#8220;default&#8220; scene_position=&#8220;center&#8220; text_color=&#8220;dark&#8220; text_align=&#8220;left&#8220; row_border_radius=&#8220;none&#8220; row_border_radius_applies=&#8220;bg&#8220; overflow=&#8220;visible&#8220; overlay_strength=&#8220;0.3&#8243; gradient_direction=&#8220;left_to_right&#8220; shape_divider_position=&#8220;bottom&#8220; bg_image_animation=&#8220;none&#8220;][vc_column column_padding=&#8220;no-extra-padding&#8220; column_padding_tablet=&#8220;inherit&#8220; column_padding_phone=&#8220;inherit&#8220; column_padding_position=&#8220;all&#8220; left_margin=&#8220;auto&#8220; constrain_group_2=&#8220;yes&#8220; right_margin=&#8220;auto&#8220; column_element_direction_desktop=&#8220;default&#8220; column_element_spacing=&#8220;default&#8220; desktop_text_alignment=&#8220;default&#8220; tablet_text_alignment=&#8220;default&#8220; phone_text_alignment=&#8220;default&#8220; background_color_opacity=&#8220;1&#8243; background_hover_color_opacity=&#8220;1&#8243; column_backdrop_filter=&#8220;none&#8220; column_shadow=&#8220;none&#8220; column_border_radius=&#8220;none&#8220; column_link_target=&#8220;_self&#8220; max_width_desktop=&#8220;1000&#8243; column_position=&#8220;default&#8220; gradient_direction=&#8220;left_to_right&#8220; overlay_strength=&#8220;0.3&#8243; width=&#8220;1\/1&#8243; tablet_width_inherit=&#8220;default&#8220; animation_type=&#8220;default&#8220; bg_image_animation=&#8220;none&#8220; border_type=&#8220;simple&#8220; column_border_width=&#8220;none&#8220; column_border_style=&#8220;solid&#8220; column_padding_type=&#8220;default&#8220; gradient_type=&#8220;default&#8220;][vc_column_text]Europ\u00e4ische Verordnung zum Schutz personenbezogener Daten Nr. 679\/2016, auch als DSGVO bezeichnet, und nationale Gesetzgebung &#8211; Gesetzesdekret vom 30. Juni 2003, Nr. 196<\/p>\n<p>Diese Website entspricht der europ\u00e4ischen Verordnung zum Schutz personenbezogener Daten Nr. 679\/2016, auch bekannt als DSGVO, und der nationalen Gesetzgebung &#8211; Gesetzesdekret vom 30. Juni 2003, Nr. 196, (bekannt als Datenschutzkodex) und den darauffolgenden \u00c4nderungen und respektiert und sch\u00fctzt die Privatsph\u00e4re von Besuchern und Nutzern, indem sie alle m\u00f6glichen und angemessenen Anstrengungen unternimmt, um die Rechte der Nutzer nicht zu verletzen.<\/p>\n<p>Die in dieser Mitteilung bereitgestellten Informationen gelten ausschlie\u00dflich f\u00fcr die Online-Aktivit\u00e4ten dieser Website und sind nur f\u00fcr Benutzer oder Besucher unserer Website g\u00fcltig. Sie gelten nicht f\u00fcr Informationen, die \u00fcber andere Kan\u00e4le als diese Website gesammelt werden. Der Zweck der Datenschutzerkl\u00e4rung besteht darin, maximale Transparenz hinsichtlich der Informationen bereitzustellen, die die Website sammelt, und wie sie diese verwendet.<\/p>\n<p><strong>1)Rechtsgrundlage f\u00fcr die Verarbeitung<\/strong><\/p>\n<p>Diese Website <u>verarbeitet Daten auf der Grundlage der Einwilligung<\/u>. Durch die Nutzung oder den Besuch dieser Website genehmigen die Benutzer und\/oder Besucher ausdr\u00fccklich diese Datenschutzerkl\u00e4rung und willigen in die Verarbeitung ihrer personenbezogenen Daten in Bezug auf die nachstehend beschriebenen Methoden und Zwecke ein, einschlie\u00dflich einer m\u00f6glichen Offenlegung an Dritte, wenn dies f\u00fcr die Erbringung eines Dienstes erforderlich ist.<\/p>\n<p>Die Bereitstellung von Daten und somit die Einwilligung zur Erhebung und Verarbeitung von Daten ist freiwillig; der Benutzer kann die Einwilligung verweigern und kann eine zuvor erteilte Einwilligung jederzeit widerrufen (\u00fcber den Link &#8222;Kontakt&#8220; am Ende der Seite). Die Verweigerung der Einwilligung kann dazu f\u00fchren, dass bestimmte Dienste nicht erbracht werden k\u00f6nnen, und die Browser-Erfahrung des Benutzers auf der Website kann beeintr\u00e4chtigt werden.<\/p>\n<p>Ab dem 24. Mai 2023 erfolgt die Verarbeitung einiger Daten auf der Grundlage der berechtigten Interessen des Verantwortlichen f\u00fcr die Verarbeitung.<\/p>\n<p><strong>2)Zweck der erfassten Daten<\/strong><br \/>\nWie alle Websites verwendet auch diese Website Logdateien, in denen automatisch Informationen w\u00e4hrend des Besuchs von Benutzern erfasst werden.<\/p>\n<p>Die erfassten Informationen k\u00f6nnen folgende sein:<\/p>\n<ul>\n<li>Internet-Protokoll-Adresse (IP);<\/li>\n<li>Art des Browsers und Ger\u00e4teeinstellungen, die f\u00fcr die Verbindung zur Website verwendet werden;<\/li>\n<li>Name des Internetdienstanbieters (ISP);<\/li>\n<li>Datum und Uhrzeit des Besuchs;<\/li>\n<\/li>\n<p>Herkunftswebseite des Besuchers (Referrer) und Ausstiegsseite;<\/li>\n<li>gegebenenfalls die Anzahl der Klicks.<\/li>\n<\/ul>\n<p>Diese Informationen werden automatisch in aggregierter Form verarbeitet und ausschlie\u00dflich zum \u00dcberpr\u00fcfen der ordnungsgem\u00e4\u00dfen Funktion der Website sowie aus Sicherheitsgr\u00fcnden verwendet. Ab dem 24. Mai 2023 werden diese Informationen gem\u00e4\u00df den berechtigten Interessen des Verantwortlichen f\u00fcr die Verarbeitung behandelt.<\/p>\n<p>Zu Sicherheitszwecken (Spam-Filter, Firewall, Virenerkennung) k\u00f6nnen automatisch erfasste Daten auch personenbezogene Daten wie die IP-Adresse umfassen, die gem\u00e4\u00df den geltenden Gesetzen zum Schutz der Website und ihrer Benutzer verwendet werden kann, um Versuche zur Sch\u00e4digung der Website selbst oder zur Sch\u00e4digung anderer Benutzer zu blockieren oder anderweitig sch\u00e4dliche oder strafbare Aktivit\u00e4ten zu verhindern. Diese Daten werden niemals zur Identifizierung oder Profilbildung des Benutzers verwendet, sondern nur zum Schutz der Website und ihrer Benutzer. Ab dem 24. Mai 2023 werden diese Informationen gem\u00e4\u00df den berechtigten Interessen des Verantwortlichen f\u00fcr die Verarbeitung behandelt.<\/p>\n<p>Sofern die Website das Einf\u00fcgen von Kommentaren erm\u00f6glicht oder auf spezielle vom Benutzer angeforderte Dienste, erfasst die Website automatisch einige Identifikationsdaten des Benutzers, einschlie\u00dflich der E-Mail-Adresse. Diese Daten werden vom Benutzer freiwillig zum Zeitpunkt der Anforderung der Dienstleistung bereitgestellt. Durch das Einf\u00fcgen eines Kommentars oder einer anderen Information stimmt der Benutzer ausdr\u00fccklich der Datenschutzerkl\u00e4rung zu und willigt insbesondere ein, dass die eingegebenen Inhalte auch an Dritte weitergegeben werden k\u00f6nnen.<\/p>\n<p>Die erhaltenen Daten werden ausschlie\u00dflich zur Erbringung der angeforderten Dienstleistung und nur f\u00fcr die zur Erbringung der Dienstleistung erforderliche Zeit verwendet.<\/p>\n<p>Die Informationen, die die Benutzer der Website als \u00f6ffentlich zug\u00e4nglich \u00fcber die bereitgestellten Dienste und Tools machen, werden vom Benutzer bewusst und freiwillig bereitgestellt und entbinden die Website von jeglicher Haftung f\u00fcr eventuelle Verst\u00f6\u00dfe gegen nationale und internationale Gesetze. Es obliegt dem Benutzer sicherzustellen, dass er die erforderlichen Berechtigungen f\u00fcr die Eingabe personenbezogener Daten von Dritten oder von Inhalten, die durch nationale und internationale Vorschriften gesch\u00fctzt sind, hat.<\/p>\n<p>Die von unserer Website w\u00e4hrend ihres Betriebs erfassten Daten werden ausschlie\u00dflich f\u00fcr die oben genannten Zwecke verwendet und nur f\u00fcr die zur Erbringung der oben genannten Dienste erforderliche Zeit aufbewahrt. In keinem Fall werden die vom Website erfassten Daten aus irgendeinem Grund an Dritte weitergegeben, es sei denn, es handelt sich um eine rechtm\u00e4\u00dfige Anforderung der Justizbeh\u00f6rden und nur in den vom Gesetz vorgesehenen F\u00e4llen.<\/p>\n<p><strong>3)Ort der Datenverarbeitung<\/strong><br \/>\nDie von der Website erfassten Daten werden am Sitz des f\u00fcr die Datenverarbeitung Verantwortlichen und im Rechenzentrum des Webhostings verarbeitet, das als Verantwortlicher f\u00fcr die Datenverarbeitung ernannt wurde und die Daten im Auftrag des Verantwortlichen verarbeitet. Es befindet sich im Europ\u00e4ischen Wirtschaftsraum und handelt gem\u00e4\u00df den europ\u00e4ischen Vorschriften.<\/p>\n<p><strong>4) Cookies<\/strong><br \/>\nDiese Website verwendet, wie auf allen Websites \u00fcblich, Cookies, kleine Textdateien, die dazu dienen, Informationen \u00fcber die Vorlieben der Besucher zu speichern, die Website-Funktionen zu verbessern, Vorg\u00e4nge zu automatisieren (z. B. Anmeldung, Sprache der Website) und die Nutzung der Website zu analysieren.<\/p>\n<p>Es gibt verschiedene Arten von Cookies. Einige sind notwendig, um auf der Website zu navigieren, w\u00e4hrend andere unterschiedliche Zwecke haben, wie die Sicherstellung der internen Sicherheit, die Systemverwaltung, die statistische Analyse, das Verst\u00e4ndnis, welche Bereiche der Website f\u00fcr die Benutzer am interessantesten sind, oder das Angebot einer personalisierten Website-Nutzung.<\/p>\n<p><strong>Sitzungscookies<\/strong> sind f\u00fcr die Unterscheidung zwischen angemeldeten Benutzern notwendig und n\u00fctzlich, um sicherzustellen, dass eine angeforderte Funktion nicht dem falschen Benutzer bereitgestellt wird und aus Sicherheitsgr\u00fcnden, um Angriffe auf die Website zu verhindern. Sitzungscookies enthalten keine personenbezogenen Daten und sind nur f\u00fcr die Dauer der laufenden Sitzung g\u00fcltig, d. h. bis der Browser geschlossen wird. F\u00fcr diese Cookies ist <u>keine Einwilligung erforderlich.<\/u><\/p>\n<p>Die auf der Website verwendeten <strong>Funktionscookies <\/strong>\u00a0sind unbedingt erforderlich, um die Website nutzen zu k\u00f6nnen, insbesondere in Bezug auf eine ausdr\u00fccklich angeforderte Funktion (wie die Anmeldung), f\u00fcr die <u>keine Einwilligung erforderlich ist<\/u>.<\/p>\n<p>Deaktivierung von Cookies<\/p>\n<p>Cookies sind an den verwendeten Browser gebunden und k\u00f6nnen direkt \u00fcber den Browser deaktiviert werden, wodurch die Zustimmung zur Verwendung von Cookies verweigert oder widerrufen wird. Es sollte beachtet werden, dass die Deaktivierung von Cookies die ordnungsgem\u00e4\u00dfe Nutzung einiger Funktionen der Website verhindern kann.<\/p>\n<p>Anweisungen zur Deaktivierung von Cookies finden Sie auf den folgenden Webseiten:<\/p>\n<p><a href=\"https:\/\/support.mozilla.org\/it\/kb\/Attivare%20e%20disattivare%20i%20cookie%20\">Mozilla Firefox<\/a>\u00a0\u2013\u00a0<a href=\"https:\/\/support.microsoft.com\/it-it\/help\/278835\/how-to-delete-cookie-files-in-internet-explorer\">Microsoft Internet Explorer<\/a>\u00a0\u2013\u00a0<a href=\"https:\/\/support.microsoft.com\/it-it\/help\/4027947\/windows-delete-cookies\">Microsoft Edge<\/a>\u00a0\u2013\u00a0<a href=\"https:\/\/support.google.com\/chrome\/answer\/95647?co=GENIE.Platform%3DDesktop&amp;hl=it\">Google Chrome<\/a>\u00a0\u2013\u00a0<a href=\"https:\/\/www.opera.com\/help\/tutorials\/security\/privacy\/\">Opera<\/a>\u00a0\u2013\u00a0<a href=\"https:\/\/support.apple.com\/kb\/ph21411?locale=it_IT\">Apple Safari.<\/a><\/p>\n<p><strong>Cookies von Dritten<\/strong><\/p>\n<p>Diese Website fungiert auch als Vermittler f\u00fcr Cookies von Drittanbietern, die dazu dienen, zus\u00e4tzliche Dienste und Funktionen f\u00fcr die Besucher bereitzustellen und die Nutzung der Website selbst zu verbessern, wie beispielsweise Social-Media-Schaltfl\u00e4chen oder Videos. Diese Website hat keine Kontrolle \u00fcber Cookies von Drittanbietern, die vollst\u00e4ndig von Drittanbietern verwaltet werden. Daher werden Informationen zur Verwendung dieser Cookies und zu deren Zwecken sowie zur M\u00f6glichkeit ihrer Deaktivierung direkt von den Drittanbietern auf den unten angegebenen Seiten bereitgestellt.<\/p>\n<p>Insbesondere verwendet diese Website Cookies von folgenden Drittanbietern:<\/p>\n<p>\u2013\u00a0<strong>Google Analytics<\/strong>: Ein Analysetool von Google, das mithilfe von Cookies (Leistungscookies) anonymisierte Navigationsdaten erfasst (IP-Adresse auf die letzten Oktette gek\u00fcrzt) und ausschlie\u00dflich in aggregierter Form verwendet, um die Nutzung der Website durch die Benutzer zu untersuchen, Berichte \u00fcber die Aktivit\u00e4ten auf der Website zu erstellen und andere Informationen bereitzustellen, einschlie\u00dflich der Anzahl der Besucher und der besuchten Seiten. Google kann diese Informationen auch an Dritte weitergeben, sofern dies gesetzlich vorgeschrieben ist oder wenn diese Dritten die Informationen im Auftrag von Google verarbeiten. Google wird die IP-Adresse niemals mit anderen von Google gespeicherten Daten in Verbindung bringen. Die an Google \u00fcbermittelten Daten werden auf den Servern von Google in den USA gespeichert.<br \/>\nGem\u00e4\u00df einer speziellen Vereinbarung mit Google, die als Verantwortlicher f\u00fcr die Datenverarbeitung bezeichnet wird, verpflichtet sich Google, die Daten gem\u00e4\u00df den Anweisungen des Verantwortlichen f\u00fcr die Datenverarbeitung zu verarbeiten, die \u00fcber die Einstellungen der Software erteilt werden. Die Einstellungen f\u00fcr Werbung und Datenteilung entsprechen den Datenschutzeinstellungen des Besuchers.<\/p>\n<p>Weitere Informationen zu den Cookies von Google Analytics finden Sie auf der Seite Google Analytics Cookie Usage on Websites.<\/p>\n<p>F\u00fcr weitere Informationen zur Verwendung von Daten und deren Verarbeitung durch Google wird empfohlen, die Informationen auf der speziellen von Google erstellten Seite sowie auf der Seite zu den Nutzungsbedingungen von Google zu konsultieren, wenn Sie Websites oder Apps von Partnern von Google verwenden.<\/p>\n<p>\u2013<strong>Youtube<\/strong>: Eine von Google eigene Plattform zum Teilen von Videos, die Cookies verwendet, um Informationen \u00fcber Benutzer und Browsing-Ger\u00e4te zu sammeln. Die auf der Website eingebetteten Videos setzen beim Zugriff auf die Seite keine Cookies, da die Option &#8222;Erweiterte Privatsph\u00e4re (keine Cookies)&#8220; eingestellt wurde, wonach YouTube keine Informationen \u00fcber Besucher speichert, es sei denn, sie spielen das Video absichtlich und freiwillig ab.<br \/>\n<strong>Social-Network-Plugins<\/strong><\/p>\n<p>Diese Website enth\u00e4lt auch Plugins und\/oder Schaltfl\u00e4chen f\u00fcr soziale Netzwerke, um das Teilen von Inhalten auf Ihren bevorzugten sozialen Netzwerken zu erm\u00f6glichen. Diese Plugins sind so programmiert, dass sie beim Zugriff auf die Seite keine Cookies setzen, um die Privatsph\u00e4re der Benutzer zu sch\u00fctzen. M\u00f6glicherweise werden Cookies jedoch gesetzt, wenn der Benutzer das Plugin tats\u00e4chlich und freiwillig verwendet. Bitte beachten Sie, dass, wenn der Benutzer w\u00e4hrend des Browsens in einem sozialen Netzwerk angemeldet ist, er bereits der Verwendung von Cookies zugestimmt hat, die \u00fcber diese Website \u00fcbertragen werden, wenn er sich beim sozialen Netzwerk angemeldet hat.<\/p>\n<p>Die Erfassung und Verwendung von Informationen, die \u00fcber das Plugin erhalten wurden, erfolgen gem\u00e4\u00df den jeweiligen Datenschutzrichtlinien der sozialen Netzwerke, auf die Sie Bezug nehmen sollten.<\/p>\n<p>Facebook \u2013 (<a href=\"https:\/\/www.facebook.com\/policies\/cookies\/\">informativa cookie<\/a>)<\/p>\n<p>Twitter \u2013 (<a href=\"https:\/\/help.twitter.com\/it\/rules-and-policies\/twitter-cookies\">informativa cookie<\/a>)<\/p>\n<p>LinkedIn \u2013 (<a href=\"https:\/\/www.linkedin.com\/legal\/cookie-policy\">informativa cookie)<\/a><\/p>\n<p><strong>5)\u00dcbertragung von Daten in L\u00e4nder au\u00dferhalb der EU<\/strong><br \/>\nDiese Website kann einige der erfassten Daten mit Diensten au\u00dferhalb des Gebiets der Europ\u00e4ischen Union teilen, insbesondere mit Google, Facebook und Microsoft (LinkedIn) \u00fcber die Social Plugins und den Dienst Google Analytics. Die \u00dcbertragung erfolgt auf der Grundlage spezifischer Entscheidungen der Europ\u00e4ischen Union und des Datenschutzbeauftragten, insbesondere der Entscheidung 1250\/2016, f\u00fcr die keine zus\u00e4tzliche Einwilligung erforderlich ist.<\/p>\n<p><strong>6)Sicherheitsma\u00dfnahmen<\/strong><br \/>\nDiese Website verarbeitet Benutzerdaten rechtm\u00e4\u00dfig und korrekt und ergreift geeignete Sicherheitsma\u00dfnahmen, um unbefugten Zugriff, Offenlegung, \u00c4nderung oder unbefugte Zerst\u00f6rung von Daten zu verhindern. Die Verarbeitung erfolgt mithilfe von Informatik- und Telematikinstrumenten und unter Einhaltung der organisatorischen und logischen Verfahren, die eng mit den oben genannten Zwecken verbunden sind. Neben dem Inhaber k\u00f6nnen in einigen F\u00e4llen externe Beauftragte\/Berechtigte\/Verantwortliche, die an der Organisation der Website beteiligt sind (Verwaltungspersonal, Vertrieb, Marketing, Rechtsabteilung, Systemadministratoren), oder externe Subjekte (wie Drittanbieter technischer Dienste, Postkurierdienste, Hosting-Anbieter, IT-Unternehmen, Kommunikationsagenturen) auf die Daten zugreifen.<\/p>\n<p><strong>7)Rechte des Benutzers<\/strong><br \/>\nGem\u00e4\u00df den geltenden Bestimmungen (EU-Verordnung 2016\/679) und den nationalen Bestimmungen kann der Benutzer die folgenden Rechte aus\u00fcben:<\/p>\n<ul>\n<li>Best\u00e4tigung des Vorhandenseins von personenbezogenen Daten, die ihn betreffen (Auskunftsrecht);<\/li>\n<li>Informationen \u00fcber deren Herkunft;<\/li>\n<li>Kommunikation in verst\u00e4ndlicher Form;<\/li>\n<li>Informationen \u00fcber die Logik, die Methoden und die Zwecke der Verarbeitung;<\/li>\n<li>Aktualisierung, Berichtigung, Integration, L\u00f6schung, Umwandlung in anonyme Form, Sperrung von unrechtm\u00e4\u00dfig verarbeiteten Daten, einschlie\u00dflich solcher, die nicht mehr f\u00fcr die Verwirklichung der Zwecke, f\u00fcr die sie erhoben wurden, erforderlich sind;<\/li>\n<li>im Falle der Verarbeitung aufgrund einer Einwilligung, die ausschlie\u00dflich auf Unterst\u00fctzungsgeb\u00fchren zur\u00fcckzuf\u00fchren ist, die Daten in einem strukturierten und maschinenlesbaren Format und in einem g\u00e4ngigen elektronischen Format von einem Datenverarbeiter erhalten (Recht auf Daten\u00fcbertragbarkeit);<\/li>\n<li>das Recht, eine Beschwerde bei der Datenschutzbeh\u00f6rde einzureichen (Datenschutzbeh\u00f6rde \u2013 www.garanteprivacy.it);<\/a>);<\/li>\n<\/ul>\n<p>und, allgemeiner, alle Rechte aus\u00fcben, die ihm durch die geltenden gesetzlichen Bestimmungen gew\u00e4hrt werden.<br \/>\nAnfragen sind an den f\u00fcr die Datenverarbeitung Verantwortlichen zu richten.<\/p>\n<p>Im Falle einer Verarbeitung aufgrund berechtigter Interessen sind die Rechte der betroffenen Personen in Bezug auf die Verarbeitung (mit Ausnahme des Rechts auf Daten\u00fcbertragbarkeit, das in den Bestimmungen nicht vorgesehen ist), insbesondere das Recht, der Verarbeitung zu widersprechen, durch eine Anfrage an den Verantwortlichen f\u00fcr die Verarbeitung, garantiert.<\/p>\n<p><strong>8)Verantwortlicher f\u00fcr die Datenverarbeitung<\/strong><br \/>\nDer f\u00fcr die Datenverarbeitung Verantwortliche gem\u00e4\u00df den geltenden Gesetzen ist <strong>Relax &amp; Beauty Snc<\/strong>, erreichbar \u00fcber den Abschnitt &#8222;Kontakt&#8220;.<\/p>\n<p><strong>9) Verantwortlicher f\u00fcr die Datenverarbeitung<\/strong><br \/>\nDas Webhosting TOTALCOM NETWORK SRL &#8211; Via J. Ressel 2 Bozen, IT &#8211; Handelsregister von Bozen R.E.A. Nr. BZ &#8211; 221463 Steuernummer und Mehrwertsteuernummer IT-02976770210 wird zum Verantwortlichen f\u00fcr die Datenverarbeitung ernannt und verarbeitet die Daten im Auftrag des Verantwortlichen. TOTALCOM NETWORK SRL befindet sich im Europ\u00e4ischen Wirtschaftsraum und handelt gem\u00e4\u00df den europ\u00e4ischen Vorschriften (Datenschutzrichtlinie von Relax &amp; Beauty Snc).<\/p>\n<p>Google wird als Verantwortlicher f\u00fcr die Datenverarbeitung bezeichnet und verarbeitet Daten im Auftrag des Verantwortlichen (Google Analytics).<\/p>\n<p><strong>Aktualisierungen<strong><\/p>\n<p>Diese Datenschutzrichtlinie wurde am 24. Mai 2023 aktualisiert.[\/vc_column_text][\/vc_column][\/vc_row]\n","protected":false},"excerpt":{"rendered":"<p>[vc_row type=&#8220;full_width_background&#8220; full_screen_row_position=&#8220;middle&#8220; column_margin=&#8220;default&#8220; equal_height=&#8220;yes&#8220; column_direction=&#8220;default&#8220; column_direction_tablet=&#8220;default&#8220; column_direction_phone=&#8220;default&#8220; scene_position=&#8220;center&#8220; top_padding=&#8220;5%&#8220; bottom_padding=&#8220;7%&#8220; top_padding_tablet=&#8220;5%&#8220; bottom_padding_tablet=&#8220;12%&#8220; top_padding_phone=&#8220;10%&#8220; bottom_padding_phone=&#8220;15%&#8220; text_color=&#8220;light&#8220; text_align=&#8220;left&#8220; row_border_radius=&#8220;none&#8220; row_border_radius_applies=&#8220;bg&#8220; overflow=&#8220;visible&#8220; class=&#8220;heading_title&#8220; overlay_strength=&#8220;0.8&#8243; gradient_direction=&#8220;left_b_to_right_t&#8220; shape_divider_position=&#8220;bottom&#8220; bg_image_animation=&#8220;none&#8220; parallax_bg=&#8220;true&#8220; parallax_bg_speed=&#8220;fast&#8220; shape_type=&#8220;curve&#8220; gradient_type=&#8220;default&#8220;][vc_column column_padding=&#8220;no-extra-padding&#8220;&#8230;<\/p>\n","protected":false},"author":2,"featured_media":0,"parent":0,"menu_order":0,"comment_status":"closed","ping_status":"closed","template":"","meta":{"inline_featured_image":false,"footnotes":""},"class_list":["post-1026","page","type-page","status-publish"],"aioseo_notices":[],"_links":{"self":[{"href":"https:\/\/www.relaxbeautybz.com\/de\/wp-json\/wp\/v2\/pages\/1026","targetHints":{"allow":["GET"]}}],"collection":[{"href":"https:\/\/www.relaxbeautybz.com\/de\/wp-json\/wp\/v2\/pages"}],"about":[{"href":"https:\/\/www.relaxbeautybz.com\/de\/wp-json\/wp\/v2\/types\/page"}],"author":[{"embeddable":true,"href":"https:\/\/www.relaxbeautybz.com\/de\/wp-json\/wp\/v2\/users\/2"}],"replies":[{"embeddable":true,"href":"https:\/\/www.relaxbeautybz.com\/de\/wp-json\/wp\/v2\/comments?post=1026"}],"version-history":[{"count":2,"href":"https:\/\/www.relaxbeautybz.com\/de\/wp-json\/wp\/v2\/pages\/1026\/revisions"}],"predecessor-version":[{"id":1028,"href":"https:\/\/www.relaxbeautybz.com\/de\/wp-json\/wp\/v2\/pages\/1026\/revisions\/1028"}],"wp:attachment":[{"href":"https:\/\/www.relaxbeautybz.com\/de\/wp-json\/wp\/v2\/media?parent=1026"}],"curies":[{"name":"wp","href":"https:\/\/api.w.org\/{rel}","templated":true}]}}